{"id":1848,"date":"2025-02-14T12:44:19","date_gmt":"2025-02-14T11:44:19","guid":{"rendered":"https:\/\/salonexporegalo.com\/politica-de-cookies\/"},"modified":"2025-03-10T11:28:49","modified_gmt":"2025-03-10T10:28:49","slug":"politica-de-cookies","status":"publish","type":"page","link":"https:\/\/salonexporegalo.com\/ca\/politica-de-cookies\/","title":{"rendered":"Pol\u00edtica de cookies"},"content":{"rendered":"\t\t<div data-elementor-type=\"wp-page\" data-elementor-id=\"1848\" class=\"elementor elementor-1848 elementor-68\" data-elementor-post-type=\"page\">\n\t\t\t\t<div class=\"elementor-element elementor-element-3e67e2b e-flex e-con-boxed e-con e-parent\" data-id=\"3e67e2b\" data-element_type=\"container\" data-e-type=\"container\" data-settings=\"{&quot;background_background&quot;:&quot;classic&quot;}\">\n\t\t\t\t\t<div class=\"e-con-inner\">\n\t\t<div class=\"elementor-element elementor-element-a6122a4 e-con-full e-flex e-con e-child\" data-id=\"a6122a4\" data-element_type=\"container\" data-e-type=\"container\">\n\t\t\t\t<div class=\"elementor-element elementor-element-78df79c elementor-widget elementor-widget-heading\" data-id=\"78df79c\" data-element_type=\"widget\" data-e-type=\"widget\" data-widget_type=\"heading.default\">\n\t\t\t\t<div class=\"elementor-widget-container\">\n\t\t\t\t\t<h1 class=\"elementor-heading-title elementor-size-default\">Pol\u00edtica de cookies<\/h1>\t\t\t\t<\/div>\n\t\t\t\t<\/div>\n\t\t\t\t<\/div>\n\t\t<div class=\"elementor-element elementor-element-94eece9 e-con-full e-flex e-con e-child\" data-id=\"94eece9\" data-element_type=\"container\" data-e-type=\"container\">\n\t\t\t\t<\/div>\n\t\t\t\t\t<\/div>\n\t\t\t\t<\/div>\n\t\t<div class=\"elementor-element elementor-element-a0af8c7 e-flex e-con-boxed e-con e-parent\" data-id=\"a0af8c7\" data-element_type=\"container\" data-e-type=\"container\">\n\t\t\t\t\t<div class=\"e-con-inner\">\n\t\t<div class=\"elementor-element elementor-element-b01e263 e-con-full e-flex e-con e-child\" data-id=\"b01e263\" data-element_type=\"container\" data-e-type=\"container\">\n\t\t\t\t<div class=\"elementor-element elementor-element-9fe1db1 elementor-widget elementor-widget-text-editor\" data-id=\"9fe1db1\" data-element_type=\"widget\" data-e-type=\"widget\" data-widget_type=\"text-editor.default\">\n\t\t\t\t<div class=\"elementor-widget-container\">\n\t\t\t\t\t\t\t\t\t<h5>1. Definici\u00f3 i funci\u00f3 de les galetes.<\/h5>\nQu\u00e8 s\u00f3n les cookies? Una cookie o galeta \u00e9s un arxiu que es descarrega en el seu ordinador en accedir a determinades p\u00e0gines web. Les cookies permeten a una p\u00e0gina web, entre altres coses, emmagatzemar i recuperar informaci\u00f3 sobre els h\u00e0bits de navegaci\u00f3 d\u2019un usuari o del seu equip i, depenent de la informaci\u00f3 que continguin i de la forma en qu\u00e8 utilitzi el seu equip, es poden utilitzar per a recon\u00e8ixer a l\u2019usuari.  \n<h5>2. Quins tipus de cookies utilitza aquesta p\u00e0gina web?<\/h5>\nCookies t\u00e8cniques i de personalitzaci\u00f3: necess\u00e0ries o convenients per a la prestaci\u00f3 de determinats serveis. Les primeres permeten a l\u2019usuari la navegaci\u00f3 a trav\u00e9s de la p\u00e0gina web i la utilitzaci\u00f3 dels diferents serveis que hi ha, i les segones permeten accedir a l\u2019usuari al servei amb algunes caracter\u00edstiques de car\u00e0cter general predefinides. S\u2019utilitzen cookies per a l\u2019idioma, per al gestor de continguts i per al manteniment de sessi\u00f3 quan \u00e9s necessari. Si es desactiven aquestes cookies es podria no rebre correctament els continguts del lloc web.   \n\nCookies anal\u00edtiques, ja sigui perqu\u00e8 s\u00f3n tractades per nosaltres o per tercers, permeten fer el seguiment i l&#8217;an\u00e0lisi estad\u00edstica del comportament del conjunt dels usuaris. Si es desactiven aquestes galetes, el lloc web podr\u00e0 seguir funcionant, sens perjudici que la informaci\u00f3 captada per aquestes galetes sobre l&#8217;\u00fas del nostre web i sobre el seu contingut permet millorar els nostres serveis. \n\nCookies de xarxes socials externes, que s\u2019utilitzen perqu\u00e8 els visitants puguin interactuar amb el contingut de diferents plataformes socials.\n\n<strong>Galetes t\u00e8cniques i funcionals:<\/strong>\n<table>\n<tbody>\n<tr>\n<td><strong>Nom<\/strong><\/td>\n<td><strong>Domini<\/strong><\/td>\n<td><strong>Finalitat<\/strong><\/td>\n<td><strong>Durada<\/strong><\/td>\n<\/tr>\n<tr>\n<td>wzdApp<\/td>\n<td>www.coacb.com<\/td>\n<td>Conserva els estats dels usuaris en totes les peticions de la p\u00e0gina.<\/td>\n<td>Sessi\u00f3<\/td>\n<\/tr>\n<tr>\n<td>idioma<\/td>\n<td>www.coacb.com<\/td>\n<td>Necess\u00e0ria per poder identificar quin idioma utilitza l&#8217;usuari.<\/td>\n<td>Persistent<\/td>\n<\/tr>\n<tr>\n<td>perfil<\/td>\n<td>www.coacb.com<\/td>\n<td>Necess\u00e0ria per identificar quin perfil utilitza l&#8217;usuari.<\/td>\n<td>Persistent<\/td>\n<\/tr>\n<tr>\n<td>cc_cookie<\/td>\n<td>www.coacb.com<\/td>\n<td>Necess\u00e0ria per identificar quines cookies ha perm\u00e8s l&#8217;usuari.<\/td>\n<td>6 mesos<\/td>\n<\/tr>\n<\/tbody>\n<\/table>\n<strong>Cookies d&#8217;an\u00e0lisi:<\/strong>\n<table>\n<tbody>\n<tr>\n<td><strong>Nom<\/strong><\/td>\n<td><strong>Domini<\/strong><\/td>\n<td><strong>Finalitat<\/strong><\/td>\n<td><strong>Durada<\/strong><\/td>\n<\/tr>\n<tr>\n<td>_ga<\/td>\n<td>google-analytics.com\/analytics.js<\/td>\n<td>Obre una identificaci\u00f3 \u00fanica que es fa servir per generar dades estad\u00edstiques sobre com utilitza el visitant el lloc web.<\/td>\n<td>2 anys<\/td>\n<\/tr>\n<tr>\n<td>_gat<\/td>\n<td>google-analytics.com\/analytics.js<\/td>\n<td>Utilitzat per Google Analytics per controlar la taxa de peticions.<\/td>\n<td>1 minut<\/td>\n<\/tr>\n<tr>\n<td>_gid<\/td>\n<td>google-analytics.com\/analytics.js<\/td>\n<td>Obre una identificaci\u00f3 \u00fanica que es fa servir per generar dades estad\u00edstiques sobre com utiliza el visitant el lloc web.<\/td>\n<td>1 dia<\/td>\n<\/tr>\n<tr>\n<td>1P_JAR<\/td>\n<td>google.com<\/td>\n<td>Utilitzades per Google per mostrar anuncis personalitzats als llocs de Google, basats en recerques recents i interaccions pr\u00e8vies.<\/td>\n<td>15 dies<\/td>\n<\/tr>\n<tr>\n<td>ANID<\/td>\n<td>google.com<\/td>\n<td>S&#8217;utilitza per personalitzar la publicitat servida a la web i amagatzemada a google.com<\/td>\n<td>6 mesos<\/td>\n<\/tr>\n<tr>\n<td>NID<\/td>\n<td>google.com<\/td>\n<td>Utilitzades per Google per mostrar anuncis personalitzats als llocs de Google, basats en recerques recents i interaccions pr\u00e8vies.<\/td>\n<td>Persistent<\/td>\n<\/tr>\n<tr>\n<td>__Secure-3PAPISID<\/td>\n<td>google.com<\/td>\n<td>Utilitzada per crear un perfil dels interessos del visitant del lloc web per mostrar publicitat de Google rellevant i personalitzada<\/td>\n<td>2 anys<\/td>\n<\/tr>\n<tr>\n<td>__Secure-3PSID<\/td>\n<td>google.com<\/td>\n<td>Utiltzada per crear un perfil dels interessos del visitante del lloc web per mostrar publicitat de Google rellevant i personalitzada<\/td>\n<td>2 anys<\/td>\n<\/tr>\n<tr>\n<td>__Secure-3PSIDCC<\/td>\n<td>google.com<\/td>\n<td>Utilitzada per crear un perfil dels interessos del visitante del lloc web per mostrar publicitat de Google rellevant i personalitzada<\/td>\n<td>2 anys<\/td>\n<\/tr>\n<tr>\n<td>CONSENT<\/td>\n<td>google.com<\/td>\n<td>Recull informaci\u00f3 sobre com l&#8217;usuari final utilitza el lloc web i qualsevol publicitat que l&#8217;usuari final hagi vist abans de visitar aquest lloc web<\/td>\n<td>Persistent<\/td>\n<\/tr>\n<\/tbody>\n<\/table>\n<strong>Cookies publicit\u00e0ries:<\/strong>\n<table>\n<tbody>\n<tr>\n<td><strong>Nom<\/strong><\/td>\n<td><strong>Domini<\/strong><\/td>\n<td><strong>Finalitat<\/strong><\/td>\n<td><strong>Durada<\/strong><\/td>\n<\/tr>\n<tr>\n<td>ads\/ga-audiences<\/td>\n<td>www.google-analytics.com\/analytics.js<\/td>\n<td>Utilitzada per Google AdWords per reconnectar amb visitante que tenen possibilitats de convertir-se en cliente.<\/td>\n<td>Sessi\u00f3<\/td>\n<\/tr>\n<tr>\n<td>ads_prefs<\/td>\n<td>twitter.com<\/td>\n<td>Aquesta cookie ens permet rastrejar l&#8217;activitat dels visitants dels nostres anuncis de Twitter al nostre lloc web, i tamb\u00e9 permet als usuaris compartir contingut dels nostres llocs web.<\/td>\n<td>5 anys<\/td>\n<\/tr>\n<tr>\n<td>auth_token<\/td>\n<td>twitter.com<\/td>\n<td>La seva finalitat \u00e9s obtenir la informaci\u00f3 dels usuaris que han utilitzat aquest servei.<\/td>\n<td>5 anys<\/td>\n<\/tr>\n<tr>\n<td>dnt<\/td>\n<td>twitter.com<\/td>\n<td>Utilitzada per optimitzar l&#8217;impacte de les campanyes a Twitter i per fer l&#8217;an\u00e0lisi del rendiment de les campanyes.<\/td>\n<td>5 anys<\/td>\n<\/tr>\n<tr>\n<td>guest_id<\/td>\n<td>twitter.com<\/td>\n<td>Utilitzada per a la integraci\u00f3 amb Twitter.<\/td>\n<td>2 anys<\/td>\n<\/tr>\n<tr>\n<td>personalization_id<\/td>\n<td>twitter.com<\/td>\n<td>Utilitzada per a la integraci\u00f3 de Twitter i les capacitats d&#8217;intercanvi per les xarxes socials.<\/td>\n<td>2 anys<\/td>\n<\/tr>\n<tr>\n<td>twid<\/td>\n<td>twitter.com<\/td>\n<td>Utilitzada per a la integraci\u00f3 de Twitter i les capacitats d&#8217;intercanvi per les xarxes socials.<\/td>\n<td>2 anys<\/td>\n<\/tr>\n<\/tbody>\n<\/table>\n<h5>3. Forma de desactivar o eliminar les cookies<\/h5>\nVost\u00e8 pot permetre, bloquejar o eliminar les cookies instal\u00b7lades al vostre equip mitjan\u00e7ant la configuraci\u00f3 de les opcions del navegador al vostre ordinador.\n<ul>\n \t<li>Configuraci\u00f3 per Internet Explorer <a href=\"https:\/\/support.microsoft.com\/es-es\/help\/17442\/windows-internet-explorer-delete-manage-cookies\">aqu\u00ed<\/a><\/li>\n \t<li>Configuraci\u00f3 per Firefox <a href=\"https:\/\/support.mozilla.org\/es\/kb\/habilitar-y-deshabilitar-cookies-sitios-web-rastrear-preferencias?redirectlocale=es&amp;redirectslug=habilitar-y-deshabilitar-cookies-que-los-sitios-we\">aqu\u00ed<\/a><\/li>\n \t<li>Configuraci\u00f3 per Safari <a href=\"https:\/\/support.apple.com\/es-es\/HT201265\">aqu\u00ed<\/a><\/li>\n \t<li>Configuraci\u00f3 per Chrome <a href=\"https:\/\/support.google.com\/chrome\/answer\/95647?hl=ca\">aqu\u00ed<\/a><\/li>\n \t<li>Configuraci\u00f3 per Android <a href=\"http:\/\/es.wikihow.com\/eliminar-archivos-temporales-en-un-dispositivo-Android\">aqu\u00ed<\/a><\/li>\n<\/ul>\n<span style=\"text-align: var(--text-align); background-color: var( --e-global-color-b93cc49 ); font-family: -apple-system, BlinkMacSystemFont, 'Segoe UI', Roboto, 'Helvetica Neue', Arial, 'Noto Sans', sans-serif, 'Apple Color Emoji', 'Segoe UI Emoji', 'Segoe UI Symbol', 'Noto Color Emoji'; font-size: 1.125rem;\">En cas que no accepteu les galetes \u00e9s possible que la p\u00e0gina web no funcioni correctament.<\/span>\n<h5>4. Informaci\u00f3 sobre la identificaci\u00f3 de qui utilitza les cookies.<\/h5>\nLa informaci\u00f3 obtinguda per les cookies \u00e9s tractada pel Sal\u00f3 Expohogar, organitzat pel COL\u00b7LEGI OFICIAL D\u2019AGENTS COMERCIALS DE BARCELONA, que ha contractat la prestaci\u00f3 del servei d\u2019anal\u00edtica amb Google Analytics. Seguint l\u2019enlla\u00e7 podr\u00e0 accedir a les seves condicions legals. \n\nTamb\u00e9 pot ser que hi hagi complements d\u2019altres prove\u00efdors. Seguint els seg\u00fcents enlla\u00e7os podr\u00e0 comprovar les condicions legals respecte a les cookies de cadascun d\u2019ells: \n<ul>\n \t<li>Twitter<\/li>\n \t<li>LinkedIn<\/li>\n \t<li>Instagram<\/li>\n \t<li>Facebook<\/li>\n \t<li>Youtube<\/li>\n<\/ul>\n<h5>5. Actualitzaci\u00f3 de la pol\u00edtica de cookies.<\/h5>\n\u00c9s possible que per noves interpretacions realitzades per l\u2019organisme regulador competent, jutges o tribunals, aquesta pol\u00edtica de cookies pugui sofrir alguna modificaci\u00f3 pel que es prega a l\u2019usuari que comprovi de forma regular el seu contingut.\t\t\t\t\t\t\t\t<\/div>\n\t\t\t\t<\/div>\n\t\t\t\t<\/div>\n\t\t\t\t\t<\/div>\n\t\t\t\t<\/div>\n\t\t\t\t<\/div>\n\t\t","protected":false},"excerpt":{"rendered":"<p>1. Definici\u00f3 i funci\u00f3 de les galetes. Qu\u00e8 s\u00f3n les cookies? Una cookie o galeta \u00e9s un arxiu que es descarrega en el seu ordinador en accedir a determinades p\u00e0gines web. Les cookies permeten a una p\u00e0gina web, entre altres coses, emmagatzemar i recuperar informaci\u00f3 sobre els h\u00e0bits de navegaci\u00f3 d\u2019un usuari o del seu [&hellip;]<\/p>\n","protected":false},"author":1,"featured_media":0,"parent":0,"menu_order":0,"comment_status":"closed","ping_status":"closed","template":"","meta":{"_acf_changed":false,"footnotes":""},"class_list":["post-1848","page","type-page","status-publish","hentry"],"acf":[],"_links":{"self":[{"href":"https:\/\/salonexporegalo.com\/ca\/wp-json\/wp\/v2\/pages\/1848","targetHints":{"allow":["GET"]}}],"collection":[{"href":"https:\/\/salonexporegalo.com\/ca\/wp-json\/wp\/v2\/pages"}],"about":[{"href":"https:\/\/salonexporegalo.com\/ca\/wp-json\/wp\/v2\/types\/page"}],"author":[{"embeddable":true,"href":"https:\/\/salonexporegalo.com\/ca\/wp-json\/wp\/v2\/users\/1"}],"replies":[{"embeddable":true,"href":"https:\/\/salonexporegalo.com\/ca\/wp-json\/wp\/v2\/comments?post=1848"}],"version-history":[{"count":8,"href":"https:\/\/salonexporegalo.com\/ca\/wp-json\/wp\/v2\/pages\/1848\/revisions"}],"predecessor-version":[{"id":1986,"href":"https:\/\/salonexporegalo.com\/ca\/wp-json\/wp\/v2\/pages\/1848\/revisions\/1986"}],"wp:attachment":[{"href":"https:\/\/salonexporegalo.com\/ca\/wp-json\/wp\/v2\/media?parent=1848"}],"curies":[{"name":"wp","href":"https:\/\/api.w.org\/{rel}","templated":true}]}}